{"id":7,"date":"2011-08-06T10:12:03","date_gmt":"2011-08-06T10:12:03","guid":{"rendered":"http:\/\/www.best-dentist-dentistry.com\/fr\/?page_id=7"},"modified":"2012-03-26T03:58:41","modified_gmt":"2012-03-26T03:58:41","slug":"qui-sommes-nous","status":"publish","type":"page","link":"https:\/\/www.best-dentist-dentistry.com\/fr\/qui-sommes-nous","title":{"rendered":"Qui sommes nous"},"content":{"rendered":"<div lang=\"fr\"><strong>Qui sommes-nous<\/strong><\/div>\n<p><span lang=\"fr\">Nous sommes ind\u00e9pendants personnes non affili\u00e9 \u00e0 toute organisation.<\/span><span lang=\"fr\">Les opinions exprim\u00e9es ici sont juste notre propre.<\/span><span lang=\"fr\">Vous il peuvent convenir, ou que vous ne le peuvent pas.<\/span><span lang=\"fr\">Le contenu fourni ici est juste pour information et fournir une ligne guide pour votre recherche.<\/span><\/p>\n","protected":false},"excerpt":{"rendered":"<p>Qui sommes-nous Nous sommes ind\u00e9pendants personnes non affili\u00e9 \u00e0 toute organisation.Les opinions exprim\u00e9es ici sont juste notre propre.Vous il peuvent convenir, ou que vous ne le peuvent pas.Le contenu fourni ici est juste pour information et fournir une ligne guide pour votre recherche.<\/p>\n","protected":false},"author":1,"featured_media":0,"parent":0,"menu_order":0,"comment_status":"closed","ping_status":"closed","template":"tpl-NoSidebar.php","meta":{"footnotes":""},"class_list":["post-7","page","type-page","status-publish","hentry"],"_links":{"self":[{"href":"https:\/\/www.best-dentist-dentistry.com\/fr\/wp-json\/wp\/v2\/pages\/7","targetHints":{"allow":["GET"]}}],"collection":[{"href":"https:\/\/www.best-dentist-dentistry.com\/fr\/wp-json\/wp\/v2\/pages"}],"about":[{"href":"https:\/\/www.best-dentist-dentistry.com\/fr\/wp-json\/wp\/v2\/types\/page"}],"author":[{"embeddable":true,"href":"https:\/\/www.best-dentist-dentistry.com\/fr\/wp-json\/wp\/v2\/users\/1"}],"replies":[{"embeddable":true,"href":"https:\/\/www.best-dentist-dentistry.com\/fr\/wp-json\/wp\/v2\/comments?post=7"}],"version-history":[{"count":0,"href":"https:\/\/www.best-dentist-dentistry.com\/fr\/wp-json\/wp\/v2\/pages\/7\/revisions"}],"wp:attachment":[{"href":"https:\/\/www.best-dentist-dentistry.com\/fr\/wp-json\/wp\/v2\/media?parent=7"}],"curies":[{"name":"wp","href":"https:\/\/api.w.org\/{rel}","templated":true}]}}